{"id":2,"date":"2020-08-31T14:02:18","date_gmt":"2020-08-31T12:02:18","guid":{"rendered":"http:\/\/avs-guinee.com\/?page_id=2"},"modified":"2021-03-05T21:14:07","modified_gmt":"2021-03-05T20:14:07","slug":"page-d-exemple","status":"publish","type":"page","link":"https:\/\/avs-guinee.com\/?page_id=2","title":{"rendered":"Nos Clients"},"content":{"rendered":"\n<p>&nbsp;&nbsp;<\/p>\n\n\n\n<div class=\"wp-block-media-text alignwide is-stacked-on-mobile\"><figure class=\"wp-block-media-text__media\"><img loading=\"lazy\" width=\"800\" height=\"400\" src=\"http:\/\/avs-guinee.com\/wp-content\/uploads\/2021\/03\/ecobank-1.jpg\" alt=\"\" class=\"wp-image-303 size-full\" srcset=\"https:\/\/avs-guinee.com\/wp-content\/uploads\/2021\/03\/ecobank-1.jpg 800w, https:\/\/avs-guinee.com\/wp-content\/uploads\/2021\/03\/ecobank-1-300x150.jpg 300w, https:\/\/avs-guinee.com\/wp-content\/uploads\/2021\/03\/ecobank-1-768x384.jpg 768w\" sizes=\"(max-width: 800px) 100vw, 800px\" \/><\/figure><div class=\"wp-block-media-text__content\">\n<p>Ecobank Guin\u00e9e&nbsp;: 28 Sites plus de 400 Cameras<\/p>\n<\/div><\/div>\n\n\n\n<div class=\"wp-block-media-text alignwide is-stacked-on-mobile\"><figure class=\"wp-block-media-text__media\"><img loading=\"lazy\" width=\"512\" height=\"512\" src=\"http:\/\/avs-guinee.com\/wp-content\/uploads\/2021\/03\/Societe-generale-Guinee-logo.jpg\" alt=\"\" class=\"wp-image-304 size-full\" srcset=\"https:\/\/avs-guinee.com\/wp-content\/uploads\/2021\/03\/Societe-generale-Guinee-logo.jpg 512w, https:\/\/avs-guinee.com\/wp-content\/uploads\/2021\/03\/Societe-generale-Guinee-logo-300x300.jpg 300w, https:\/\/avs-guinee.com\/wp-content\/uploads\/2021\/03\/Societe-generale-Guinee-logo-150x150.jpg 150w, https:\/\/avs-guinee.com\/wp-content\/uploads\/2021\/03\/Societe-generale-Guinee-logo-98x98.jpg 98w, https:\/\/avs-guinee.com\/wp-content\/uploads\/2021\/03\/Societe-generale-Guinee-logo-68x68.jpg 68w\" sizes=\"(max-width: 512px) 100vw, 512px\" \/><\/figure><div class=\"wp-block-media-text__content\">\n<p>Societ\u00e9 General de Guin\u00e9e&nbsp;: 3 Sites<\/p>\n<\/div><\/div>\n\n\n\n<figure class=\"wp-block-gallery columns-2 is-cropped\"><ul class=\"blocks-gallery-grid\"><li class=\"blocks-gallery-item\"><figure><img loading=\"lazy\" width=\"768\" height=\"1024\" src=\"http:\/\/avs-guinee.com\/wp-content\/uploads\/2021\/02\/WhatsApp-Image-2021-02-22-at-16.07.56-768x1024.jpeg\" alt=\"\" data-id=\"123\" data-full-url=\"http:\/\/avs-guinee.com\/wp-content\/uploads\/2021\/02\/WhatsApp-Image-2021-02-22-at-16.07.56.jpeg\" data-link=\"http:\/\/avs-guinee.com\/?attachment_id=123\" class=\"wp-image-123\" srcset=\"https:\/\/avs-guinee.com\/wp-content\/uploads\/2021\/02\/WhatsApp-Image-2021-02-22-at-16.07.56-768x1024.jpeg 768w, https:\/\/avs-guinee.com\/wp-content\/uploads\/2021\/02\/WhatsApp-Image-2021-02-22-at-16.07.56-225x300.jpeg 225w, https:\/\/avs-guinee.com\/wp-content\/uploads\/2021\/02\/WhatsApp-Image-2021-02-22-at-16.07.56.jpeg 780w\" sizes=\"(max-width: 768px) 100vw, 768px\" \/><\/figure><\/li><li class=\"blocks-gallery-item\"><figure><img loading=\"lazy\" width=\"565\" height=\"517\" src=\"http:\/\/avs-guinee.com\/wp-content\/uploads\/2021\/02\/Plan-dInstallation-systeme-de-Video-surveillance-1.jpg\" alt=\"\" data-id=\"79\" data-full-url=\"http:\/\/avs-guinee.com\/wp-content\/uploads\/2021\/02\/Plan-dInstallation-systeme-de-Video-surveillance-1.jpg\" data-link=\"http:\/\/avs-guinee.com\/?attachment_id=79\" class=\"wp-image-79\" srcset=\"https:\/\/avs-guinee.com\/wp-content\/uploads\/2021\/02\/Plan-dInstallation-systeme-de-Video-surveillance-1.jpg 565w, https:\/\/avs-guinee.com\/wp-content\/uploads\/2021\/02\/Plan-dInstallation-systeme-de-Video-surveillance-1-300x275.jpg 300w\" sizes=\"(max-width: 565px) 100vw, 565px\" \/><\/figure><\/li><\/ul><\/figure>\n\n\n\n<div class=\"wp-block-media-text alignwide is-stacked-on-mobile\"><figure class=\"wp-block-media-text__media\"><img loading=\"lazy\" width=\"175\" height=\"210\" src=\"http:\/\/avs-guinee.com\/wp-content\/uploads\/2021\/03\/unnamed.png\" alt=\"\" class=\"wp-image-305 size-full\"\/><\/figure><div class=\"wp-block-media-text__content\">\n<p>Centre Sportif de De Yoropoguiya de Dubreka<\/p>\n<\/div><\/div>\n\n\n\n<figure class=\"wp-block-gallery columns-3 is-cropped\"><ul class=\"blocks-gallery-grid\"><li class=\"blocks-gallery-item\"><figure><img loading=\"lazy\" width=\"1024\" height=\"768\" src=\"http:\/\/avs-guinee.com\/wp-content\/uploads\/2021\/02\/20181025_161302-1024x768.jpg\" alt=\"\" data-id=\"147\" data-full-url=\"http:\/\/avs-guinee.com\/wp-content\/uploads\/2021\/02\/20181025_161302-scaled.jpg\" data-link=\"http:\/\/avs-guinee.com\/?attachment_id=147\" class=\"wp-image-147\" srcset=\"https:\/\/avs-guinee.com\/wp-content\/uploads\/2021\/02\/20181025_161302-1024x768.jpg 1024w, https:\/\/avs-guinee.com\/wp-content\/uploads\/2021\/02\/20181025_161302-300x225.jpg 300w, https:\/\/avs-guinee.com\/wp-content\/uploads\/2021\/02\/20181025_161302-768x576.jpg 768w, https:\/\/avs-guinee.com\/wp-content\/uploads\/2021\/02\/20181025_161302-1536x1152.jpg 1536w, https:\/\/avs-guinee.com\/wp-content\/uploads\/2021\/02\/20181025_161302-2048x1536.jpg 2048w\" sizes=\"(max-width: 1024px) 100vw, 1024px\" \/><\/figure><\/li><li class=\"blocks-gallery-item\"><figure><img loading=\"lazy\" width=\"1024\" height=\"768\" src=\"http:\/\/avs-guinee.com\/wp-content\/uploads\/2021\/02\/20181025_161254-1024x768.jpg\" alt=\"\" data-id=\"146\" data-full-url=\"http:\/\/avs-guinee.com\/wp-content\/uploads\/2021\/02\/20181025_161254-scaled.jpg\" data-link=\"http:\/\/avs-guinee.com\/?attachment_id=146\" class=\"wp-image-146\" srcset=\"https:\/\/avs-guinee.com\/wp-content\/uploads\/2021\/02\/20181025_161254-1024x768.jpg 1024w, https:\/\/avs-guinee.com\/wp-content\/uploads\/2021\/02\/20181025_161254-300x225.jpg 300w, https:\/\/avs-guinee.com\/wp-content\/uploads\/2021\/02\/20181025_161254-768x576.jpg 768w, https:\/\/avs-guinee.com\/wp-content\/uploads\/2021\/02\/20181025_161254-1536x1152.jpg 1536w, https:\/\/avs-guinee.com\/wp-content\/uploads\/2021\/02\/20181025_161254-2048x1536.jpg 2048w\" sizes=\"(max-width: 1024px) 100vw, 1024px\" \/><\/figure><\/li><li class=\"blocks-gallery-item\"><figure><img loading=\"lazy\" width=\"1024\" height=\"768\" src=\"http:\/\/avs-guinee.com\/wp-content\/uploads\/2021\/02\/20181025_154738-1024x768.jpg\" alt=\"\" data-id=\"145\" data-full-url=\"http:\/\/avs-guinee.com\/wp-content\/uploads\/2021\/02\/20181025_154738-scaled.jpg\" data-link=\"http:\/\/avs-guinee.com\/?attachment_id=145\" class=\"wp-image-145\" srcset=\"https:\/\/avs-guinee.com\/wp-content\/uploads\/2021\/02\/20181025_154738-1024x768.jpg 1024w, https:\/\/avs-guinee.com\/wp-content\/uploads\/2021\/02\/20181025_154738-300x225.jpg 300w, https:\/\/avs-guinee.com\/wp-content\/uploads\/2021\/02\/20181025_154738-768x576.jpg 768w, https:\/\/avs-guinee.com\/wp-content\/uploads\/2021\/02\/20181025_154738-1536x1152.jpg 1536w, https:\/\/avs-guinee.com\/wp-content\/uploads\/2021\/02\/20181025_154738-2048x1536.jpg 2048w\" sizes=\"(max-width: 1024px) 100vw, 1024px\" \/><\/figure><\/li><\/ul><\/figure>\n\n\n\n<div class=\"wp-block-media-text alignwide is-stacked-on-mobile\"><figure class=\"wp-block-media-text__media\"><img loading=\"lazy\" width=\"481\" height=\"105\" src=\"http:\/\/avs-guinee.com\/wp-content\/uploads\/2021\/03\/download.png\" alt=\"\" class=\"wp-image-302 size-full\" srcset=\"https:\/\/avs-guinee.com\/wp-content\/uploads\/2021\/03\/download.png 481w, https:\/\/avs-guinee.com\/wp-content\/uploads\/2021\/03\/download-300x65.png 300w\" sizes=\"(max-width: 481px) 100vw, 481px\" \/><\/figure><div class=\"wp-block-media-text__content\">\n<p>Banque Islamique de Guin\u00e9e. 1 Site<\/p>\n<\/div><\/div>\n\n\n\n<div class=\"wp-block-media-text alignwide is-stacked-on-mobile\"><figure class=\"wp-block-media-text__media\"><img loading=\"lazy\" width=\"512\" height=\"512\" src=\"http:\/\/avs-guinee.com\/wp-content\/uploads\/2021\/03\/dni.jpg\" alt=\"\" class=\"wp-image-301 size-full\" srcset=\"https:\/\/avs-guinee.com\/wp-content\/uploads\/2021\/03\/dni.jpg 512w, https:\/\/avs-guinee.com\/wp-content\/uploads\/2021\/03\/dni-300x300.jpg 300w, https:\/\/avs-guinee.com\/wp-content\/uploads\/2021\/03\/dni-150x150.jpg 150w, https:\/\/avs-guinee.com\/wp-content\/uploads\/2021\/03\/dni-98x98.jpg 98w, https:\/\/avs-guinee.com\/wp-content\/uploads\/2021\/03\/dni-68x68.jpg 68w\" sizes=\"(max-width: 512px) 100vw, 512px\" \/><\/figure><div class=\"wp-block-media-text__content\">\n<p>Direction National des Impots<\/p>\n<\/div><\/div>\n\n\n\n<div class=\"wp-block-media-text alignwide is-stacked-on-mobile\"><figure class=\"wp-block-media-text__media\"><img loading=\"lazy\" width=\"301\" height=\"167\" src=\"http:\/\/avs-guinee.com\/wp-content\/uploads\/2021\/03\/clinique.jpg\" alt=\"\" class=\"wp-image-300 size-full\"\/><\/figure><div class=\"wp-block-media-text__content\">\n<p>Clinique Espoir<\/p>\n<\/div><\/div>\n\n\n\n<div class=\"wp-block-media-text alignwide is-stacked-on-mobile\"><figure class=\"wp-block-media-text__media\"><img loading=\"lazy\" width=\"259\" height=\"194\" src=\"http:\/\/avs-guinee.com\/wp-content\/uploads\/2021\/03\/residence.jpg\" alt=\"\" class=\"wp-image-308 size-full\"\/><\/figure><div class=\"wp-block-media-text__content\">\n<p>Plusieurs R\u00e9sidences et Commerce de Conakry.&nbsp;<\/p>\n<\/div><\/div>\n","protected":false},"excerpt":{"rendered":"<p>&nbsp;&nbsp; Ecobank Guin\u00e9e&nbsp;: 28 Sites plus de 400 Cameras Societ\u00e9 General de Guin\u00e9e&nbsp;: 3 Sites Centre Sportif de De Yoropoguiya &hellip; <\/p>\n","protected":false},"author":1,"featured_media":0,"parent":0,"menu_order":0,"comment_status":"closed","ping_status":"open","template":"","meta":[],"_links":{"self":[{"href":"https:\/\/avs-guinee.com\/index.php?rest_route=\/wp\/v2\/pages\/2"}],"collection":[{"href":"https:\/\/avs-guinee.com\/index.php?rest_route=\/wp\/v2\/pages"}],"about":[{"href":"https:\/\/avs-guinee.com\/index.php?rest_route=\/wp\/v2\/types\/page"}],"author":[{"embeddable":true,"href":"https:\/\/avs-guinee.com\/index.php?rest_route=\/wp\/v2\/users\/1"}],"replies":[{"embeddable":true,"href":"https:\/\/avs-guinee.com\/index.php?rest_route=%2Fwp%2Fv2%2Fcomments&post=2"}],"version-history":[{"count":8,"href":"https:\/\/avs-guinee.com\/index.php?rest_route=\/wp\/v2\/pages\/2\/revisions"}],"predecessor-version":[{"id":369,"href":"https:\/\/avs-guinee.com\/index.php?rest_route=\/wp\/v2\/pages\/2\/revisions\/369"}],"wp:attachment":[{"href":"https:\/\/avs-guinee.com\/index.php?rest_route=%2Fwp%2Fv2%2Fmedia&parent=2"}],"curies":[{"name":"wp","href":"https:\/\/api.w.org\/{rel}","templated":true}]}}