{"id":22,"date":"2021-02-18T19:17:50","date_gmt":"2021-02-18T18:17:50","guid":{"rendered":"http:\/\/avs-guinee.com\/?page_id=22"},"modified":"2025-11-03T23:36:46","modified_gmt":"2025-11-03T22:36:46","slug":"22-2","status":"publish","type":"page","link":"https:\/\/avs-guinee.com\/?page_id=22","title":{"rendered":"L&rsquo;entreprise"},"content":{"rendered":"\n<h3>Une vision Africaine pour la s\u00e9curit\u00e9.<\/h3>\n\n\n\n<p>Des Technologies, des Produits, des Hommes, des Formations.<\/p>\n\n\n\n<div class=\"wp-block-media-text alignwide is-stacked-on-mobile\"><figure class=\"wp-block-media-text__media\"><img loading=\"lazy\" width=\"140\" height=\"95\" src=\"http:\/\/avs-guinee.com\/wp-content\/uploads\/2021\/02\/camera-1-e1614902538322.jpg\" alt=\"\" class=\"wp-image-206 size-full\"\/><\/figure><div class=\"wp-block-media-text__content\">\n<p>AVS Guin\u00e9e poss\u00e8de une large exp\u00e9rience dans la prestation des services, elle apporte des solutions de s\u00e9curit\u00e9 int\u00e9gr\u00e9es \u00e0 ses clients.<\/p>\n\n\n\n<p><\/p>\n<\/div><\/div>\n\n\n\n<p>Les proc\u00e9dures suivies par AVS sont bas\u00e9es sur le syst\u00e8me de gestion de qualit\u00e9 internationalement reconnu, ISO 9001\/2 pour ses activit\u00e9s de base et la certification ISO 14000 pour la gestion environnementale.<\/p>\n\n\n\n<p><strong>AVS et sa VISION dans le monde de la concurrence<\/strong><\/p>\n\n\n\n<p>Etre le leader incontest\u00e9 et incontournable en mati\u00e8re de fourniture de solutions de s\u00e9curit\u00e9 int\u00e9gr\u00e9es en Guin\u00e9e.<\/p>\n\n\n\n<p>Nos produits viennent des grandes compagnies aux mat\u00e9riels efficients et aux caract\u00e9ristiques techniques pour \u00eatre dimensionn\u00e9s aux demandes clients afin de r\u00e9pondre au plus pr\u00e8s dans la soumission d\u2019appeld\u2019offre.<\/p>\n\n\n\n<p><strong>La MISSION d\u2019AVS<\/strong><\/p>\n\n\n\n<div class=\"wp-block-media-text alignwide is-stacked-on-mobile\"><figure class=\"wp-block-media-text__media\"><img loading=\"lazy\" width=\"768\" height=\"1024\" src=\"https:\/\/avs-guinee.com\/wp-content\/uploads\/2025\/11\/78210390_105115360971668_473947313241325568_n-768x1024.jpg\" alt=\"\" class=\"wp-image-19281 size-full\" srcset=\"https:\/\/avs-guinee.com\/wp-content\/uploads\/2025\/11\/78210390_105115360971668_473947313241325568_n-768x1024.jpg 768w, https:\/\/avs-guinee.com\/wp-content\/uploads\/2025\/11\/78210390_105115360971668_473947313241325568_n-225x300.jpg 225w, https:\/\/avs-guinee.com\/wp-content\/uploads\/2025\/11\/78210390_105115360971668_473947313241325568_n-1152x1536.jpg 1152w, https:\/\/avs-guinee.com\/wp-content\/uploads\/2025\/11\/78210390_105115360971668_473947313241325568_n.jpg 1296w\" sizes=\"(max-width: 768px) 100vw, 768px\" \/><\/figure><div class=\"wp-block-media-text__content\">\n<p>G\u00e9rer avec professionnalisme l\u2019exposition aux risques des clients en mettant \u00e0 leur disposition des solutions de s\u00e9curit\u00e9 int\u00e9gr\u00e9es de qualit\u00e9 et les services de gestion desdes moyens technologiques appropri\u00e9s et conform\u00e9ment aux syst\u00e8mes et proc\u00e9dures norm\u00e9es.<\/p>\n\n\n\n<p>Au travers de notre mission, se cr\u00e9e la valeur du partenaire.<\/p>\n<\/div><\/div>\n\n\n\n<p><strong>Les VALEURS transmissent par AVS<\/strong><\/p>\n\n\n\n<p>AVS service de Guin\u00e9e croit en une communication ouverte et transparente. Son personnel constitue son patrimoine le plus important pour l\u2019entreprise.<\/p>\n\n\n\n<p>Des valeurs telles que l\u2019int\u00e9grit\u00e9, l\u2019honn\u00eatet\u00e9, la confiance, la discipline et le respect du travail conforment aux attentes sociales pour la Guin\u00e9e sont importantes.<\/p>\n\n\n\n<p>La soci\u00e9t\u00e9 AVS appliqueet entreprend la conformit\u00e9 aux responsabilit\u00e9s sociales afin que s\u2019exercent les principes de gouvernance saine et accept\u00e9epour nos personnels.<\/p>\n\n\n\n<p><strong>LA DEONTOLOGIE<\/strong><\/p>\n\n\n\n<p><strong>Relations avec le client&nbsp;<\/strong>: Nous avons des relations proches et ouvertes avec nos clients&nbsp;; ce qui g\u00e9n\u00e8re la confiance. Nous travaillons en partenariat pour le b\u00e9n\u00e9fice mutuel de notre entreprise respective.<\/p>\n\n\n\n<p><strong>Expertise:<\/strong> Nous d\u00e9veloppons et d\u00e9montrons notre expertise par l\u2019application d\u2019une approche innovatrice et technique afin de cr\u00e9er et de fournir la solution adapt\u00e9e.<\/p>\n\n\n\n<p><\/p>\n\n\n\n<p><strong>Performance<\/strong>: Nous nous am\u00e9liorons de jours en jours afin&nbsp; notre performance soit p\u00e9renne et sur le long terme.<\/p>\n\n\n\n<p><strong>Nos <\/strong><strong>Techniciens<\/strong>: Nous nous assurons d\u2019employer des techniciens professionnels, de d\u00e9velopper leurs comp\u00e9tences, leur fournir des opportunit\u00e9s d\u2019avenir et les maintenir \u00e0 se conformer \u00e0 nos valeurs.<\/p>\n\n\n\n<p><strong>Int\u00e9grit\u00e9<\/strong>: Vous pouvez nous faire confiance \u00e0 tout moment pour ex\u00e9cuter ce qui est juste.<\/p>\n","protected":false},"excerpt":{"rendered":"<p>Une vision Africaine pour la s\u00e9curit\u00e9. Des Technologies, des Produits, des Hommes, des Formations. AVS Guin\u00e9e poss\u00e8de une large exp\u00e9rience &hellip; <\/p>\n","protected":false},"author":1,"featured_media":325,"parent":0,"menu_order":0,"comment_status":"closed","ping_status":"closed","template":"","meta":[],"_links":{"self":[{"href":"https:\/\/avs-guinee.com\/index.php?rest_route=\/wp\/v2\/pages\/22"}],"collection":[{"href":"https:\/\/avs-guinee.com\/index.php?rest_route=\/wp\/v2\/pages"}],"about":[{"href":"https:\/\/avs-guinee.com\/index.php?rest_route=\/wp\/v2\/types\/page"}],"author":[{"embeddable":true,"href":"https:\/\/avs-guinee.com\/index.php?rest_route=\/wp\/v2\/users\/1"}],"replies":[{"embeddable":true,"href":"https:\/\/avs-guinee.com\/index.php?rest_route=%2Fwp%2Fv2%2Fcomments&post=22"}],"version-history":[{"count":5,"href":"https:\/\/avs-guinee.com\/index.php?rest_route=\/wp\/v2\/pages\/22\/revisions"}],"predecessor-version":[{"id":19282,"href":"https:\/\/avs-guinee.com\/index.php?rest_route=\/wp\/v2\/pages\/22\/revisions\/19282"}],"wp:featuredmedia":[{"embeddable":true,"href":"https:\/\/avs-guinee.com\/index.php?rest_route=\/wp\/v2\/media\/325"}],"wp:attachment":[{"href":"https:\/\/avs-guinee.com\/index.php?rest_route=%2Fwp%2Fv2%2Fmedia&parent=22"}],"curies":[{"name":"wp","href":"https:\/\/api.w.org\/{rel}","templated":true}]}}