{"id":85,"date":"2021-02-18T21:18:20","date_gmt":"2021-02-18T20:18:20","guid":{"rendered":"http:\/\/avs-guinee.com\/?page_id=85"},"modified":"2025-11-04T00:05:55","modified_gmt":"2025-11-03T23:05:55","slug":"gallerie","status":"publish","type":"page","link":"https:\/\/avs-guinee.com\/?page_id=85","title":{"rendered":"Gallerie"},"content":{"rendered":"\n<p>Nouveaut\u00e9: le d\u00e9tecteur FlipX Xwave2 sans fil, une s\u00e9curit\u00e9 encore plus intelligente !<\/p>\n\n\n\n<figure class=\"wp-block-video\"><video controls src=\"https:\/\/avs-guinee.com\/wp-content\/uploads\/2025\/11\/WhatsApp-Video-2025-11-03-at-23.05.42-2.mp4\"><\/video><\/figure>\n\n\n\n<h2>S\u00e9curit\u00e9 physique<\/h2>\n\n\n\n<figure class=\"wp-block-embed is-type-video is-provider-youtube wp-block-embed-youtube wp-embed-aspect-16-9 wp-has-aspect-ratio\"><div class=\"wp-block-embed__wrapper\">\n<iframe title=\"Chapitre IV : Partie 01 : La S\u00e9curit\u00e9 Physique\" width=\"847\" height=\"476\" src=\"https:\/\/www.youtube.com\/embed\/gej0m7Dvb6I?feature=oembed\" frameborder=\"0\" allow=\"accelerometer; autoplay; clipboard-write; encrypted-media; gyroscope; picture-in-picture; web-share\" referrerpolicy=\"strict-origin-when-cross-origin\" allowfullscreen><\/iframe>\n<\/div><\/figure>\n\n\n\n<h2>Quelques r\u00e9alisations<\/h2>\n\n\n<style type=\"text\/css\" scoped>.rbs_gallery_69fb298f73428Spinner{\r\n\t\t\t\tmargin: 50px auto;\r\n\t\t\t\twidth: 50px;\r\n\t\t\t\theight: 40px;\r\n\t\t\t\ttext-align: center;\r\n\t\t\t\tfont-size: 10px;\r\n\t\t\t}\r\n\t\t\t.rbs_gallery_69fb298f73428Spinner > div{\r\n\t\t\t  background-color: #333;\r\n\t\t\t  height: 100%;\r\n\t\t\t  width: 6px;\r\n\t\t\t  display: inline-block;\r\n\t\t\t  -webkit-animation: rbs_gallery_69fb298f73428-stretchdelay 1.2s infinite ease-in-out;\r\n\t\t\t  animation: rbs_gallery_69fb298f73428-stretchdelay 1.2s infinite ease-in-out;\r\n\t\t\t}\r\n\t\t\t.rbs_gallery_69fb298f73428Spinner .rbs_gallery_69fb298f73428Rect2 {\r\n\t\t\t  -webkit-animation-delay: -1.1s;\r\n\t\t\t  animation-delay: -1.1s;\r\n\t\t\t}\r\n\t\t\t.rbs_gallery_69fb298f73428Spinner .rbs_gallery_69fb298f73428Rect3 {\r\n\t\t\t  -webkit-animation-delay: -1.0s;\r\n\t\t\t  animation-delay: -1.0s;\r\n\t\t\t}\r\n\t\t\t.rbs_gallery_69fb298f73428Spinner .rbs_gallery_69fb298f73428Rect4 {\r\n\t\t\t  -webkit-animation-delay: -0.9s;\r\n\t\t\t  animation-delay: -0.9s;\r\n\t\t\t}\r\n\t\t\t.rbs_gallery_69fb298f73428Spinner .rbs_gallery_69fb298f73428Rect5 {\r\n\t\t\t  -webkit-animation-delay: -0.8s;\r\n\t\t\t  animation-delay: -0.8s;\r\n\t\t\t}\r\n\t\t\t@-webkit-keyframes rbs_gallery_69fb298f73428-stretchdelay {\r\n\t\t\t  0%, 40%, 100% { -webkit-transform: scaleY(0.4) }  \r\n\t\t\t  20% { -webkit-transform: scaleY(1.0) }\r\n\t\t\t}\r\n\t\t\t@keyframes rbs_gallery_69fb298f73428-stretchdelay {\r\n\t\t\t  0%, 40%, 100% { \r\n\t\t\t    transform: scaleY(0.4);\r\n\t\t\t    -webkit-transform: scaleY(0.4);\r\n\t\t\t  }  20% { \r\n\t\t\t    transform: scaleY(1.0);\r\n\t\t\t    -webkit-transform: scaleY(1.0);\r\n\t\t\t  }\r\n\t\t\t}\r\n\t\t<\/style><div class=\"robo-gallery-wrap robo-gallery-wrap-id86 robo-gallery-polaroid\"><div id=\"rbs_gallery_69fb298f73428-block-loader\" class=\"rbs_gallery_69fb298f73428Spinner\"><div class=\"rbs_gallery_69fb298f73428Rect1\"><\/div> <div class=\"rbs_gallery_69fb298f73428Rect2\"><\/div> <div class=\"rbs_gallery_69fb298f73428Rect3\"><\/div> <div class=\"rbs_gallery_69fb298f73428Rect4\"><\/div> <div class=\"rbs_gallery_69fb298f73428Rect5\"><\/div><\/div><div id=\"robo_gallery_main_block_rbs_gallery_69fb298f73428\" class=\"robogallery-gallery-86\" style=\"width:100%;  display: none;\"><div id=\"rbs_gallery_69fb298f73428\" data-options=\"rbs_gallery_69fb298f73428\" style=\"width:100%;\" class=\"robo_gallery  \"><div class=\"rbs-img  category86 \" ><div class=\"rbs-img-image   rbs-lightbox \" ><div class=\"rbs-img-thumbs\"  data-thumbnail=\"https:\/\/avs-guinee.com\/wp-content\/uploads\/2021\/02\/Plan-dInstallation-systeme-de-Video-surveillance-1-300x275.jpg\"  title=\"Plan d&#039;Installation syst\u00e8me de Vid\u00e9o surveillance\"  data-width=\"300\"  data-height=\"275\" ><\/div><div class=\"rbs-img-data-popup\"  data-popup=\"https:\/\/avs-guinee.com\/wp-content\/uploads\/2021\/02\/Plan-dInstallation-systeme-de-Video-surveillance-1.jpg\"  title=\"Plan d&#039;Installation syst\u00e8me de Vid\u00e9o surveillance\" ><\/div><div class=\"thumbnail-overlay\"><div class=\"rbsIcons\"><i class=\"fa fa-th rbsZoomIcon \" ><\/i><\/div><\/div><\/div><div class=\"rbs-img-content\">Plan d&rsquo;Installation syst\u00e8me de Vid\u00e9o surveillance<\/div><\/div><div class=\"rbs-img  category86 \" ><div class=\"rbs-img-image   rbs-lightbox \" ><div class=\"rbs-img-thumbs\"  data-thumbnail=\"https:\/\/avs-guinee.com\/wp-content\/uploads\/2021\/02\/Nos-produits-1-274x300.jpg\"  title=\"Nos produits\"  data-width=\"274\"  data-height=\"300\" ><\/div><div class=\"rbs-img-data-popup\"  data-popup=\"https:\/\/avs-guinee.com\/wp-content\/uploads\/2021\/02\/Nos-produits-1.jpg\"  title=\"Nos produits\" ><\/div><div class=\"thumbnail-overlay\"><div class=\"rbsIcons\"><i class=\"fa fa-th rbsZoomIcon \" ><\/i><\/div><\/div><\/div><div class=\"rbs-img-content\">Nos produits<\/div><\/div><div class=\"rbs-img  category86 \" ><div class=\"rbs-img-image   rbs-lightbox \" ><div class=\"rbs-img-thumbs\"  data-thumbnail=\"https:\/\/avs-guinee.com\/wp-content\/uploads\/2021\/02\/Nos-produits-du-systeme-de-controle-dacces-1-300x98.png\"  title=\"Nos produits du syst\u00e8me de controle d&#039;acc\u00e8s\"  data-width=\"300\"  data-height=\"98\" ><\/div><div class=\"rbs-img-data-popup\"  data-popup=\"https:\/\/avs-guinee.com\/wp-content\/uploads\/2021\/02\/Nos-produits-du-systeme-de-controle-dacces-1.png\"  title=\"Nos produits du syst\u00e8me de controle d&#039;acc\u00e8s\" ><\/div><div class=\"thumbnail-overlay\"><div class=\"rbsIcons\"><i class=\"fa fa-th rbsZoomIcon \" ><\/i><\/div><\/div><\/div><div class=\"rbs-img-content\">Nos produits du syst\u00e8me de controle d&rsquo;acc\u00e8s<\/div><\/div><div class=\"rbs-img  category86 \" ><div class=\"rbs-img-image   rbs-lightbox \" ><div class=\"rbs-img-thumbs\"  data-thumbnail=\"https:\/\/avs-guinee.com\/wp-content\/uploads\/2021\/02\/Nos-produits-2-1-300x300.jpg\"  title=\"Nos produits (2)\"  data-width=\"300\"  data-height=\"300\" ><\/div><div class=\"rbs-img-data-popup\"  data-popup=\"https:\/\/avs-guinee.com\/wp-content\/uploads\/2021\/02\/Nos-produits-2-1.jpg\"  title=\"Nos produits (2)\" ><\/div><div class=\"thumbnail-overlay\"><div class=\"rbsIcons\"><i class=\"fa fa-th rbsZoomIcon \" ><\/i><\/div><\/div><\/div><div class=\"rbs-img-content\">Nos produits (2)<\/div><\/div><div class=\"rbs-img  category86 \" ><div class=\"rbs-img-image   rbs-lightbox \" ><div class=\"rbs-img-thumbs\"  data-thumbnail=\"https:\/\/avs-guinee.com\/wp-content\/uploads\/2021\/02\/Alimentation-Paneau-Solair-Batiment-1-300x300.jpg\"  title=\"Alimentation Paneau Solair Batiment\"  data-width=\"300\"  data-height=\"300\" ><\/div><div class=\"rbs-img-data-popup\"  data-popup=\"https:\/\/avs-guinee.com\/wp-content\/uploads\/2021\/02\/Alimentation-Paneau-Solair-Batiment-1.jpg\"  title=\"Alimentation Paneau Solair Batiment\" ><\/div><div class=\"thumbnail-overlay\"><div class=\"rbsIcons\"><i class=\"fa fa-th rbsZoomIcon \" ><\/i><\/div><\/div><\/div><div class=\"rbs-img-content\">Alimentation Paneau Solair Batiment<\/div><\/div><div class=\"rbs-img  category86 \" ><div class=\"rbs-img-image   rbs-lightbox \" ><div class=\"rbs-img-thumbs\"  data-thumbnail=\"https:\/\/avs-guinee.com\/wp-content\/uploads\/2021\/02\/Nos-produits-274x300.jpg\"  title=\"Nos produits\"  data-width=\"274\"  data-height=\"300\" ><\/div><div class=\"rbs-img-data-popup\"  data-popup=\"https:\/\/avs-guinee.com\/wp-content\/uploads\/2021\/02\/Nos-produits.jpg\"  title=\"Nos produits\" ><\/div><div class=\"thumbnail-overlay\"><div class=\"rbsIcons\"><i class=\"fa fa-th rbsZoomIcon \" ><\/i><\/div><\/div><\/div><div class=\"rbs-img-content\">Nos produits<\/div><\/div><div class=\"rbs-img  category86 \" ><div class=\"rbs-img-image   rbs-lightbox \" ><div class=\"rbs-img-thumbs\"  data-thumbnail=\"https:\/\/avs-guinee.com\/wp-content\/uploads\/2021\/02\/Nos-produits-du-systeme-de-controle-dacces-300x98.png\"  title=\"Nos produits du syst\u00e8me de controle d&#039;acc\u00e8s\"  data-width=\"300\"  data-height=\"98\" ><\/div><div class=\"rbs-img-data-popup\"  data-popup=\"https:\/\/avs-guinee.com\/wp-content\/uploads\/2021\/02\/Nos-produits-du-systeme-de-controle-dacces.png\"  title=\"Nos produits du syst\u00e8me de controle d&#039;acc\u00e8s\" ><\/div><div class=\"thumbnail-overlay\"><div class=\"rbsIcons\"><i class=\"fa fa-th rbsZoomIcon \" ><\/i><\/div><\/div><\/div><div class=\"rbs-img-content\">Nos produits du syst\u00e8me de controle d&rsquo;acc\u00e8s<\/div><\/div><div class=\"rbs-img  category86 \" ><div class=\"rbs-img-image   rbs-lightbox \" ><div class=\"rbs-img-thumbs\"  data-thumbnail=\"https:\/\/avs-guinee.com\/wp-content\/uploads\/2021\/02\/Alimentation-Paneau-Solair-Batiment-300x300.jpg\"  title=\"Alimentation Paneau Solair Batiment\"  data-width=\"300\"  data-height=\"300\" ><\/div><div class=\"rbs-img-data-popup\"  data-popup=\"https:\/\/avs-guinee.com\/wp-content\/uploads\/2021\/02\/Alimentation-Paneau-Solair-Batiment.jpg\"  title=\"Alimentation Paneau Solair Batiment\" ><\/div><div class=\"thumbnail-overlay\"><div class=\"rbsIcons\"><i class=\"fa fa-th rbsZoomIcon \" ><\/i><\/div><\/div><\/div><div class=\"rbs-img-content\">Alimentation Paneau Solair Batiment<\/div><\/div><div class=\"rbs-img  category86 \" ><div class=\"rbs-img-image   rbs-lightbox \" ><div class=\"rbs-img-thumbs\"  data-thumbnail=\"https:\/\/avs-guinee.com\/wp-content\/uploads\/2021\/02\/IMG_20200226_155453_5-225x300.jpg\"  title=\"IMG_20200226_155453_5\"  data-width=\"225\"  data-height=\"300\" ><\/div><div class=\"rbs-img-data-popup\"  data-popup=\"https:\/\/avs-guinee.com\/wp-content\/uploads\/2021\/02\/IMG_20200226_155453_5-scaled.jpg\"  title=\"IMG_20200226_155453_5\" ><\/div><div class=\"thumbnail-overlay\"><div class=\"rbsIcons\"><i class=\"fa fa-th rbsZoomIcon \" ><\/i><\/div><\/div><\/div><div class=\"rbs-img-content\">IMG_20200226_155453_5<\/div><\/div><div class=\"rbs-img  category86 \" ><div class=\"rbs-img-image   rbs-lightbox \" ><div class=\"rbs-img-thumbs\"  data-thumbnail=\"https:\/\/avs-guinee.com\/wp-content\/uploads\/2021\/02\/20180714_163818-300x225.jpg\"  title=\"20180714_163818\"  data-width=\"300\"  data-height=\"225\" ><\/div><div class=\"rbs-img-data-popup\"  data-popup=\"https:\/\/avs-guinee.com\/wp-content\/uploads\/2021\/02\/20180714_163818-scaled.jpg\"  title=\"20180714_163818\" ><\/div><div class=\"thumbnail-overlay\"><div class=\"rbsIcons\"><i class=\"fa fa-th rbsZoomIcon \" ><\/i><\/div><\/div><\/div><div class=\"rbs-img-content\">20180714_163818<\/div><\/div><div class=\"rbs-img  category86 \" ><div class=\"rbs-img-image   rbs-lightbox \" ><div class=\"rbs-img-thumbs\"  data-thumbnail=\"https:\/\/avs-guinee.com\/wp-content\/uploads\/2021\/02\/20181025_154738-300x225.jpg\"  title=\"20181025_154738\"  data-width=\"300\"  data-height=\"225\" ><\/div><div class=\"rbs-img-data-popup\"  data-popup=\"https:\/\/avs-guinee.com\/wp-content\/uploads\/2021\/02\/20181025_154738-scaled.jpg\"  title=\"20181025_154738\" ><\/div><div class=\"thumbnail-overlay\"><div class=\"rbsIcons\"><i class=\"fa fa-th rbsZoomIcon \" ><\/i><\/div><\/div><\/div><div class=\"rbs-img-content\">20181025_154738<\/div><\/div><div class=\"rbs-img  category86 \" ><div class=\"rbs-img-image   rbs-lightbox \" ><div class=\"rbs-img-thumbs\"  data-thumbnail=\"https:\/\/avs-guinee.com\/wp-content\/uploads\/2021\/02\/20181025_161254-300x225.jpg\"  title=\"20181025_161254\"  data-width=\"300\"  data-height=\"225\" ><\/div><div class=\"rbs-img-data-popup\"  data-popup=\"https:\/\/avs-guinee.com\/wp-content\/uploads\/2021\/02\/20181025_161254-scaled.jpg\"  title=\"20181025_161254\" ><\/div><div class=\"thumbnail-overlay\"><div class=\"rbsIcons\"><i class=\"fa fa-th rbsZoomIcon \" ><\/i><\/div><\/div><\/div><div class=\"rbs-img-content\">20181025_161254<\/div><\/div><div class=\"rbs-img  category86 \" ><div class=\"rbs-img-image   rbs-lightbox \" ><div class=\"rbs-img-thumbs\"  data-thumbnail=\"https:\/\/avs-guinee.com\/wp-content\/uploads\/2021\/02\/20181025_161302-300x225.jpg\"  title=\"20181025_161302\"  data-width=\"300\"  data-height=\"225\" ><\/div><div class=\"rbs-img-data-popup\"  data-popup=\"https:\/\/avs-guinee.com\/wp-content\/uploads\/2021\/02\/20181025_161302-scaled.jpg\"  title=\"20181025_161302\" ><\/div><div class=\"thumbnail-overlay\"><div class=\"rbsIcons\"><i class=\"fa fa-th rbsZoomIcon \" ><\/i><\/div><\/div><\/div><div class=\"rbs-img-content\">20181025_161302<\/div><\/div><div class=\"rbs-img  category86 \" ><div class=\"rbs-img-image   rbs-lightbox \" ><div class=\"rbs-img-thumbs\"  data-thumbnail=\"https:\/\/avs-guinee.com\/wp-content\/uploads\/2021\/02\/IMG_20170615_085050-300x225.jpg\"  title=\"IMG_20170615_085050\"  data-width=\"300\"  data-height=\"225\" ><\/div><div class=\"rbs-img-data-popup\"  data-popup=\"https:\/\/avs-guinee.com\/wp-content\/uploads\/2021\/02\/IMG_20170615_085050-scaled.jpg\"  title=\"IMG_20170615_085050\" ><\/div><div class=\"thumbnail-overlay\"><div class=\"rbsIcons\"><i class=\"fa fa-th rbsZoomIcon \" ><\/i><\/div><\/div><\/div><div class=\"rbs-img-content\">IMG_20170615_085050<\/div><\/div><div class=\"rbs-img  category86 \" ><div class=\"rbs-img-image   rbs-lightbox \" ><div class=\"rbs-img-thumbs\"  data-thumbnail=\"https:\/\/avs-guinee.com\/wp-content\/uploads\/2021\/02\/IMG_20200226_155453_5-1-225x300.jpg\"  title=\"IMG_20200226_155453_5\"  data-width=\"225\"  data-height=\"300\" ><\/div><div class=\"rbs-img-data-popup\"  data-popup=\"https:\/\/avs-guinee.com\/wp-content\/uploads\/2021\/02\/IMG_20200226_155453_5-1-scaled.jpg\"  title=\"IMG_20200226_155453_5\" ><\/div><div class=\"thumbnail-overlay\"><div class=\"rbsIcons\"><i class=\"fa fa-th rbsZoomIcon \" ><\/i><\/div><\/div><\/div><div class=\"rbs-img-content\">IMG_20200226_155453_5<\/div><\/div><div class=\"rbs-img  category86 \" ><div class=\"rbs-img-image   rbs-lightbox \" ><div class=\"rbs-img-thumbs\"  data-thumbnail=\"https:\/\/avs-guinee.com\/wp-content\/uploads\/2021\/02\/WhatsApp-Image-2021-02-22-at-16.07.56-225x300.jpeg\"  title=\"WhatsApp Image 2021-02-22 at 16.07.56\"  data-width=\"225\"  data-height=\"300\" ><\/div><div class=\"rbs-img-data-popup\"  data-popup=\"https:\/\/avs-guinee.com\/wp-content\/uploads\/2021\/02\/WhatsApp-Image-2021-02-22-at-16.07.56.jpeg\"  title=\"WhatsApp Image 2021-02-22 at 16.07.56\" ><\/div><div class=\"thumbnail-overlay\"><div class=\"rbsIcons\"><i class=\"fa fa-th rbsZoomIcon \" ><\/i><\/div><\/div><\/div><div class=\"rbs-img-content\">WhatsApp Image 2021-02-22 at 16.07.56<\/div><\/div><div class=\"rbs-img  category86 \" ><div class=\"rbs-img-image   rbs-lightbox \" ><div class=\"rbs-img-thumbs\"  data-thumbnail=\"https:\/\/avs-guinee.com\/wp-content\/uploads\/2025\/11\/78210390_105115360971668_473947313241325568_n-225x300.jpg\"  title=\"78210390_105115360971668_473947313241325568_n\"  data-width=\"225\"  data-height=\"300\" ><\/div><div class=\"rbs-img-data-popup\"  data-popup=\"https:\/\/avs-guinee.com\/wp-content\/uploads\/2025\/11\/78210390_105115360971668_473947313241325568_n.jpg\"  title=\"78210390_105115360971668_473947313241325568_n\" ><\/div><div class=\"thumbnail-overlay\"><div class=\"rbsIcons\"><i class=\"fa fa-th rbsZoomIcon \" ><\/i><\/div><\/div><\/div><div class=\"rbs-img-content\">78210390_105115360971668_473947313241325568_n<\/div><\/div><div class=\"rbs-img  category86 \" ><div class=\"rbs-img-image   rbs-lightbox \" ><div class=\"rbs-img-thumbs\"  data-thumbnail=\"https:\/\/avs-guinee.com\/wp-content\/uploads\/2025\/11\/WhatsApp-Image-2025-11-03-at-22.48.58-300x244.jpeg\"  title=\"WhatsApp-Image-2025-11-03-at-22.48.58\"  data-width=\"300\"  data-height=\"244\" ><\/div><div class=\"rbs-img-data-popup\"  data-popup=\"https:\/\/avs-guinee.com\/wp-content\/uploads\/2025\/11\/WhatsApp-Image-2025-11-03-at-22.48.58.jpeg\"  title=\"WhatsApp-Image-2025-11-03-at-22.48.58\" ><\/div><div class=\"thumbnail-overlay\"><div class=\"rbsIcons\"><i class=\"fa fa-th rbsZoomIcon \" ><\/i><\/div><\/div><\/div><div class=\"rbs-img-content\">WhatsApp-Image-2025-11-03-at-22.48.58<\/div><\/div><div class=\"rbs-img  category86 \" ><div class=\"rbs-img-image   rbs-lightbox \" ><div class=\"rbs-img-thumbs\"  data-thumbnail=\"https:\/\/avs-guinee.com\/wp-content\/uploads\/2025\/11\/WhatsApp-Image-2025-10-15-at-20.32.03-216x300.jpeg\"  title=\"WhatsApp-Image-2025-10-15-at-20.32.03\"  data-width=\"216\"  data-height=\"300\" ><\/div><div class=\"rbs-img-data-popup\"  data-popup=\"https:\/\/avs-guinee.com\/wp-content\/uploads\/2025\/11\/WhatsApp-Image-2025-10-15-at-20.32.03.jpeg\"  title=\"WhatsApp-Image-2025-10-15-at-20.32.03\" ><\/div><div class=\"thumbnail-overlay\"><div class=\"rbsIcons\"><i class=\"fa fa-th rbsZoomIcon \" ><\/i><\/div><\/div><\/div><div class=\"rbs-img-content\">WhatsApp-Image-2025-10-15-at-20.32.03<\/div><\/div><div class=\"rbs-img  category86 \" ><div class=\"rbs-img-image   rbs-lightbox \" ><div class=\"rbs-img-thumbs\"  data-thumbnail=\"https:\/\/avs-guinee.com\/wp-content\/uploads\/2025\/11\/45111531-8039-448b-b1fa-f1b92d353634-200x300.png\"  title=\"45111531-8039-448b-b1fa-f1b92d353634\"  data-width=\"200\"  data-height=\"300\" ><\/div><div class=\"rbs-img-data-popup\"  data-popup=\"https:\/\/avs-guinee.com\/wp-content\/uploads\/2025\/11\/45111531-8039-448b-b1fa-f1b92d353634.png\"  title=\"45111531-8039-448b-b1fa-f1b92d353634\" ><\/div><div class=\"thumbnail-overlay\"><div class=\"rbsIcons\"><i class=\"fa fa-th rbsZoomIcon \" ><\/i><\/div><\/div><\/div><div class=\"rbs-img-content\">45111531-8039-448b-b1fa-f1b92d353634<\/div><\/div><\/div><\/div><\/div><script>var rbs_gallery_69fb298f73428 = {\"version\":\"3.0.2\",\"id\":86,\"class\":\"id86\",\"roboGalleryDelay\":1000,\"mainContainer\":\"#robo_gallery_main_block_rbs_gallery_69fb298f73428\",\"columnWidth\":\"auto\",\"columns\":3,\"resolutions\":[{\"columnWidth\":\"auto\",\"columns\":3,\"maxWidth\":960},{\"columnWidth\":\"auto\",\"columns\":2,\"maxWidth\":650},{\"columnWidth\":\"auto\",\"columns\":1,\"maxWidth\":450}],\"loadingContainer\":\"#rbs_gallery_69fb298f73428-block-loader\",\"deepLinking\":null,\"lightboxOptions\":{\"gallery\":{\"enabled\":true,\"tCounter\":\"%curr% of %total%\"}},\"borderSize\":5,\"overlayEffect\":\"direction-aware-fade\",\"boxesToLoadStart\":12,\"boxesToLoad\":8,\"lazyLoad\":1,\"waitUntilThumbLoads\":1,\"waitForAllThumbsNoMatterWhat\":null,\"LoadingWord\":\"Loading...\",\"loadMoreWord\":\"Load More\",\"noMoreEntriesWord\":\"No More Entries\",\"horizontalSpaceBetweenBoxes\":15,\"verticalSpaceBetweenBoxes\":15,\"wrapContainer\":\"#robo-gallery-wrap-rbs_gallery_69fb298f73428\"};<\/script>\n\n\n<h2>Contr\u00f4le d&rsquo;acc\u00e8s<\/h2>\n\n\n\n<figure class=\"wp-block-embed is-type-video is-provider-youtube wp-block-embed-youtube wp-embed-aspect-16-9 wp-has-aspect-ratio\"><div class=\"wp-block-embed__wrapper\">\n<iframe title=\"Contr\u00f4le d&#039;acc\u00e8s : Pr\u00e9sentation d&#039;une architecture standard Honeywell  | ASS Security Nantes 44\" width=\"847\" height=\"476\" src=\"https:\/\/www.youtube.com\/embed\/P1VSE_Q0Yqo?feature=oembed\" frameborder=\"0\" allow=\"accelerometer; autoplay; clipboard-write; encrypted-media; gyroscope; picture-in-picture; web-share\" referrerpolicy=\"strict-origin-when-cross-origin\" allowfullscreen><\/iframe>\n<\/div><\/figure>\n","protected":false},"excerpt":{"rendered":"<p>Nouveaut\u00e9: le d\u00e9tecteur FlipX Xwave2 sans fil, une s\u00e9curit\u00e9 encore plus intelligente ! S\u00e9curit\u00e9 physique Quelques r\u00e9alisations Contr\u00f4le d&rsquo;acc\u00e8s<\/p>\n","protected":false},"author":1,"featured_media":0,"parent":0,"menu_order":0,"comment_status":"closed","ping_status":"closed","template":"","meta":[],"_links":{"self":[{"href":"https:\/\/avs-guinee.com\/index.php?rest_route=\/wp\/v2\/pages\/85"}],"collection":[{"href":"https:\/\/avs-guinee.com\/index.php?rest_route=\/wp\/v2\/pages"}],"about":[{"href":"https:\/\/avs-guinee.com\/index.php?rest_route=\/wp\/v2\/types\/page"}],"author":[{"embeddable":true,"href":"https:\/\/avs-guinee.com\/index.php?rest_route=\/wp\/v2\/users\/1"}],"replies":[{"embeddable":true,"href":"https:\/\/avs-guinee.com\/index.php?rest_route=%2Fwp%2Fv2%2Fcomments&post=85"}],"version-history":[{"count":5,"href":"https:\/\/avs-guinee.com\/index.php?rest_route=\/wp\/v2\/pages\/85\/revisions"}],"predecessor-version":[{"id":19288,"href":"https:\/\/avs-guinee.com\/index.php?rest_route=\/wp\/v2\/pages\/85\/revisions\/19288"}],"wp:attachment":[{"href":"https:\/\/avs-guinee.com\/index.php?rest_route=%2Fwp%2Fv2%2Fmedia&parent=85"}],"curies":[{"name":"wp","href":"https:\/\/api.w.org\/{rel}","templated":true}]}}